{"id":29,"date":"2018-08-07T14:10:37","date_gmt":"2018-08-07T14:10:37","guid":{"rendered":"http:\/\/localhost\/district\/index.php\/about\/"},"modified":"2021-06-17T11:05:14","modified_gmt":"2021-06-17T10:05:14","slug":"uber-uns","status":"publish","type":"page","link":"https:\/\/montralanna.ch\/thai-massage-spa-zuerich-seefeld\/uber-uns\/","title":{"rendered":"\u00dcber uns"},"content":{"rendered":"<h1>\u00dcber Montra Lanna Gold Thai Massage &amp; Spa<\/h1>\n<h2>Wir bieten den besten Service an<\/h2>\n<h2>Traditionelle Thai-Massage (TTM) ist eine Massagetechnik, die in Thailand unter dem thail\u00e4ndischen Namen Nuad Phaen Boran (Thai: \u0e41\u0e1c\u0e19 \u0e42\u0e1a\u0e23\u0e32\u0e13) bekannt ist. <\/h2>\n<div>Die Thai-Massage besteht aus passiven gestreckten Positionen, die aus Yoga- und Dehnungsbewegungen, Gelenkbewegungen und Druckpunktmassagen stammen. Unsere thail\u00e4ndischen Masseurinnen verf\u00fcgen \u00fcber eine fundierte Ausbildung und langj\u00e4hrige Erfahrung in Thai-Massagen und klassischen Massagen. Wir trainieren weiterhin intern und extern, weil wir durch Qualit\u00e4t und Know-how ein H\u00f6chstma\u00df an Anwendung bieten m\u00f6chten.<\/div>\n<div>\n<p>Wir legen Wert auf ein hygienisches Umfeld. Das angenehme Raumklima spielt auch hier eine wichtige Rolle. F\u00fcr unsere Massagen verwenden wir nur Produkte von h\u00f6chster Qualit\u00e4t, wie Bio-Kokos\u00f6l, \u00e4therisches \u00d6l aus nachhaltiger Produktion.<\/p>\n<\/div>\n<div>\n<h2>Unsere Philosophie <\/h2>\n<div>Die traditionelle Massage hat eine lange Geschichte in der Heilbehandlung. Die Wurzeln dieser uralten Techniken liegen in Indien, von wo sie nach S\u00fcdostasien gelangten und von dort zu uns gelangten. Bei der Sport Massage sowie Kopf &#038; Nacken Massagen finde diese Erkenntnisse Ihre Anwendung, gerne auch als Paarmassage. Die Heilmassagen basieren auf dem Konzept der menschlichen Energielinien, diese verlaufen \u00fcber den ganzen K\u00f6rper. Dabei wird die Yoga Philosophie zugrunde gelegt, die davon ausgeht, dass die Lebensenergie durch unsere Atemluft sowie durch die Nahrung aufgenommen werden.<\/div>\n<\/div>\n<h2>Was wir anbieten <\/h2>\n<div>Montra Lanna ist eine Oase der Sch\u00f6nheit und Gelassenheit im Herzen der Schweiz und bietet eine sinnliche Reise, die K\u00f6rper, Geist und Seele zur Ruhe bringt. Wir sind bestrebt, Ihnen den besten Service zu bieten, den Sie verdienen. Ihnen zu dienen und Sie zu erfreuen ist unser Ziel.<\/div>\n<ul>\n<li>\n<div>Wir streben danach, durch Qualit\u00e4t und Fachwissen ein H\u00f6chstma\u00df an Service zu bieten. <\/div>\n<\/li>\n<li>\n<div>Wir verwenden nur Produkte von h\u00f6chster Qualit\u00e4t, wie Bio-Kokos\u00f6l, \u00e4therisches \u00d6l aus nachhaltiger Produktion und die Flaggschiffprodukte. <\/div>\n<\/li>\n<li>\n<div>\nUnsere speziell entwickelten Behandlungen werden Ihre pers\u00f6nlichen W\u00fcnsche erf\u00fcllen, um sich zu entspannen, zu regenerieren, zu entgiften und zu entgiften oder um bestimmte gesundheitliche Probleme zu beseitigen\n<\/div>\n<\/li>\n<\/ul>\n<p>\n    <a href=\"\/thai-massage-spa-zuerich-seefeld\/index.php?page_id=30\">Kontaktieren Sie uns<\/a>\n<\/p>\n<p><img decoding=\"async\" src=\"\/thai-massage-spa-zuerich-seefeld\/wp-content\/uploads\/spa.png\" alt=\"\"><\/p>\n<p><!--more--><br \/>\n<!-- {\"name\":\"\",\"type\":\"layout\",\"children\":[{\"name\":\"Hero\",\"type\":\"section\",\"props\":{\"style\":\"default\",\"width\":\"default\",\"vertical_align\":\"middle\",\"title_position\":\"top-left\",\"title_rotation\":\"left\",\"title_breakpoint\":\"xl\",\"image_position\":\"center-center\",\"height\":\"percent\",\"padding\":\"none\",\"image\":\"\",\"text_color\":\"light\",\"image_size\":\"cover\",\"video\":\"wp-content\\\/uploads\\\/massage.mp4\"},\"children\":[{\"name\":\"\",\"type\":\"row\",\"children\":[{\"name\":\"\",\"type\":\"column\",\"props\":{\"image_position\":\"center-center\",\"width_medium\":\"1-1\",\"media_overlay_gradient\":\"\"},\"children\":[{\"name\":\"\",\"type\":\"headline\",\"props\":{\"title_element\":\"h1\",\"title_style\":\"h3\",\"text_align\":\"center\",\"margin\":\"small\",\"content\":\"\\u00dcber Montra Lanna Gold Thai Massage &amp; Spa\"}},{\"name\":\"\",\"type\":\"headline\",\"props\":{\"title_element\":\"h2\",\"title_style\":\"heading-small\",\"text_align\":\"center\",\"content\":\"Wir bieten den besten Service an\",\"margin_remove_top\":true}}]}]}]},{\"name\":\"About\",\"type\":\"section\",\"props\":{\"style\":\"default\",\"width\":\"default\",\"vertical_align\":\"middle\",\"title_position\":\"center-right\",\"title_rotation\":\"left\",\"title_breakpoint\":\"xl\",\"image_position\":\"center-center\",\"padding\":\"large\",\"title\":\"Traditional Thai Massage\",\"id\":\"below\"},\"children\":[{\"name\":\"\",\"type\":\"row\",\"props\":{\"layout\":\"1-3,2-3\"},\"children\":[{\"name\":\"\",\"type\":\"column\",\"props\":{\"image_position\":\"center-center\",\"width_medium\":\"1-3\",\"media_overlay_gradient\":\"\"},\"children\":[{\"name\":\"\",\"type\":\"headline\",\"props\":{\"title_element\":\"h2\",\"title_style\":\"h3\",\"content\":\"Traditionelle Thai-Massage (TTM) ist eine Massagetechnik, die in Thailand unter dem thail\\u00e4ndischen Namen Nuad Phaen Boran (Thai: \\u0e41\\u0e1c\\u0e19 \\u0e42\\u0e1a\\u0e23\\u0e32\\u0e13) bekannt ist. \"}}]},{\"name\":\"\",\"type\":\"column\",\"props\":{\"image_position\":\"center-center\",\"width_medium\":\"2-3\",\"media_overlay_gradient\":\"\"},\"children\":[{\"name\":\"\",\"type\":\"text\",\"props\":{\"margin\":\"default\",\"column_breakpoint\":\"m\",\"maxwidth\":\"2xlarge\",\"content\":\"Die Thai-Massage besteht aus passiven gestreckten Positionen, die aus Yoga- und Dehnungsbewegungen, Gelenkbewegungen und Druckpunktmassagen stammen. Unsere thail\\u00e4ndischen Masseurinnen verf\\u00fcgen \\u00fcber eine fundierte Ausbildung und langj\\u00e4hrige Erfahrung in Thai-Massagen und klassischen Massagen. Wir trainieren weiterhin intern und extern, weil wir durch Qualit\\u00e4t und Know-how ein H\\u00f6chstma\\u00df an Anwendung bieten m\\u00f6chten.\",\"dropcap\":true}},{\"name\":\"\",\"type\":\"text\",\"props\":{\"margin\":\"default\",\"column_breakpoint\":\"m\",\"maxwidth\":\"2xlarge\",\"content\":\"\n\n<p>Wir legen Wert auf ein hygienisches Umfeld. Das angenehme Raumklima spielt auch hier eine wichtige Rolle. F\\u00fcr unsere Massagen verwenden wir nur Produkte von h\\u00f6chster Qualit\\u00e4t, wie Bio-Kokos\\u00f6l, \\u00e4therisches \\u00d6l aus nachhaltiger Produktion.<\\\/p>\"}}]}]}]},{\"name\":\"Philosophy\",\"type\":\"section\",\"props\":{\"style\":\"default\",\"width\":\"default\",\"vertical_align\":\"middle\",\"title_position\":\"center-left\",\"title_rotation\":\"left\",\"title_breakpoint\":\"xl\",\"image_position\":\"center-center\",\"padding\":\"large\",\"title\":\"\",\"image\":\"wp-content\\\/uploads\\\/banner1.jpg\",\"text_color\":\"light\",\"image_size\":\"cover\",\"image_effect\":\"parallax\",\"image_parallax_bgy_end\":\"100\",\"image_width\":\"2560\"},\"children\":[{\"name\":\"\",\"type\":\"row\",\"props\":{\"layout\":\"1-2,1-2\"},\"children\":[{\"name\":\"\",\"type\":\"column\",\"props\":{\"image_position\":\"center-center\",\"width_medium\":\"1-2\",\"media_overlay_gradient\":\"\"},\"children\":[{\"name\":\"\",\"type\":\"panel\",\"props\":{\"link_text\":\"Read more\",\"title_element\":\"h2\",\"meta_style\":\"meta\",\"meta_align\":\"below-title\",\"image_align\":\"top\",\"image_grid_width\":\"1-2\",\"link_style\":\"default\",\"margin\":\"default\",\"panel_style\":\"card-default\",\"maxwidth\":\"large\",\"content\":\"Die traditionelle Massage hat eine lange Geschichte in der Heilbehandlung. Die Wurzeln dieser uralten Techniken liegen in Indien, von wo sie nach S\\u00fcdostasien gelangten und von dort zu uns gelangten. Bei der Sport Massage sowie Kopf & Nacken Massagen finde diese Erkenntnisse Ihre Anwendung, gerne auch als Paarmassage. Die Heilmassagen basieren auf dem Konzept der menschlichen Energielinien, diese verlaufen \\u00fcber den ganzen K\\u00f6rper. Dabei wird die Yoga Philosophie zugrunde gelegt, die davon ausgeht, dass die Lebensenergie durch unsere Atemluft sowie durch die Nahrung aufgenommen werden.\",\"title\":\"Unsere Philosophie \",\"image_grid_breakpoint\":\"m\",\"icon_width\":80,\"title_hover_style\":\"reset\",\"title_align\":\"top\",\"title_grid_width\":\"1-2\",\"title_grid_breakpoint\":\"m\",\"meta_element\":\"div\",\"content_column_breakpoint\":\"m\",\"image_svg_color\":\"emphasis\"}}]},{\"name\":\"\",\"type\":\"column\",\"props\":{\"image_position\":\"center-center\",\"width_medium\":\"1-2\",\"media_overlay_gradient\":\"\"}}]}]},{\"name\":\"We offer\",\"type\":\"section\",\"props\":{\"style\":\"default\",\"width\":\"default\",\"vertical_align\":\"middle\",\"title_position\":\"top-left\",\"title_rotation\":\"left\",\"title_breakpoint\":\"xl\",\"image_position\":\"center-center\",\"padding\":\"large\",\"padding_remove_bottom\":false},\"children\":[{\"name\":\"\",\"type\":\"row\",\"props\":{\"layout\":\"expand,large\",\"vertical_align\":true,\"column_gap\":\"large\",\"row_gap\":\"large\"},\"children\":[{\"name\":\"\",\"type\":\"column\",\"props\":{\"image_position\":\"center-center\",\"width_medium\":\"expand\",\"media_overlay_gradient\":\"\"},\"children\":[{\"name\":\"\",\"type\":\"headline\",\"props\":{\"title_element\":\"h2\",\"content\":\"Was wir anbieten \"}},{\"name\":\"\",\"type\":\"text\",\"props\":{\"margin\":\"default\",\"column_breakpoint\":\"m\",\"maxwidth\":\"xlarge\",\"content\":\"Montra Lanna ist eine Oase der Sch\\u00f6nheit und Gelassenheit im Herzen der Schweiz und bietet eine sinnliche Reise, die K\\u00f6rper, Geist und Seele zur Ruhe bringt. Wir sind bestrebt, Ihnen den besten Service zu bieten, den Sie verdienen. Ihnen zu dienen und Sie zu erfreuen ist unser Ziel.\"}},{\"name\":\"\",\"type\":\"list\",\"props\":{\"show_image\":true,\"show_link\":true,\"image_align\":\"left\",\"margin\":\"medium\",\"list_size\":\"\",\"list_element\":\"ul\",\"column_breakpoint\":\"m\",\"image_svg_color\":\"emphasis\",\"image_vertical_align\":true},\"children\":[{\"name\":\"\",\"type\":\"list_item\",\"props\":{\"content\":\"Wir streben danach, durch Qualit\\u00e4t und Fachwissen ein H\\u00f6chstma\\u00df an Service zu bieten. \",\"icon\":\"check\"}},{\"name\":\"\",\"type\":\"list_item\",\"props\":{\"content\":\"Wir verwenden nur Produkte von h\\u00f6chster Qualit\\u00e4t, wie Bio-Kokos\\u00f6l, \\u00e4therisches \\u00d6l aus nachhaltiger Produktion und die Flaggschiffprodukte. \",\"icon\":\"check\"}},{\"name\":\"\",\"type\":\"list_item\",\"props\":{\"content\":\"\\nUnsere speziell entwickelten Behandlungen werden Ihre pers\\u00f6nlichen W\\u00fcnsche erf\\u00fcllen, um sich zu entspannen, zu regenerieren, zu entgiften und zu entgiften oder um bestimmte gesundheitliche Probleme zu beseitigen\\n\",\"icon\":\"check\"}}]},{\"name\":\"\",\"type\":\"button\",\"props\":{\"margin\":\"default\",\"grid_column_gap\":\"small\",\"grid_row_gap\":\"small\"},\"children\":[{\"name\":\"\",\"type\":\"button_item\",\"props\":{\"button_style\":\"text\",\"icon_align\":\"left\",\"content\":\"Kontaktieren Sie uns\",\"link\":\"index.php?page_id=30\"}}]}]},{\"name\":\"\",\"type\":\"column\",\"props\":{\"image_position\":\"center-center\",\"width_medium\":\"xlarge\",\"media_overlay_gradient\":\"\"},\"children\":[{\"name\":\"\",\"type\":\"image\",\"props\":{\"margin\":\"default\",\"image\":\"wp-content\\\/uploads\\\/spa.png\",\"image_width\":\"900\",\"image_svg_color\":\"emphasis\"}}]}]}]}],\"version\":\"2.4.14\"} --><\/p>\n","protected":false},"excerpt":{"rendered":"<p>\u00dcber Montra Lanna Gold Thai Massage &amp; Spa Wir bieten den besten Service an Traditionelle Thai-Massage (TTM) ist eine Massagetechnik, die in Thailand unter dem thail\u00e4ndischen Namen Nuad Phaen Boran (Thai: \u0e41\u0e1c\u0e19 \u0e42\u0e1a\u0e23\u0e32\u0e13) bekannt ist. Die Thai-Massage besteht aus passiven gestreckten Positionen, die aus Yoga- und Dehnungsbewegungen, Gelenkbewegungen und Druckpunktmassagen stammen. Unsere thail\u00e4ndischen Masseurinnen verf\u00fcgen [&hellip;]<\/p>\n","protected":false},"author":1,"featured_media":0,"parent":0,"menu_order":8,"comment_status":"closed","ping_status":"closed","template":"","meta":{"footnotes":""},"class_list":["post-29","page","type-page","status-publish","hentry"],"_links":{"self":[{"href":"https:\/\/montralanna.ch\/thai-massage-spa-zuerich-seefeld\/wp-json\/wp\/v2\/pages\/29","targetHints":{"allow":["GET"]}}],"collection":[{"href":"https:\/\/montralanna.ch\/thai-massage-spa-zuerich-seefeld\/wp-json\/wp\/v2\/pages"}],"about":[{"href":"https:\/\/montralanna.ch\/thai-massage-spa-zuerich-seefeld\/wp-json\/wp\/v2\/types\/page"}],"author":[{"embeddable":true,"href":"https:\/\/montralanna.ch\/thai-massage-spa-zuerich-seefeld\/wp-json\/wp\/v2\/users\/1"}],"replies":[{"embeddable":true,"href":"https:\/\/montralanna.ch\/thai-massage-spa-zuerich-seefeld\/wp-json\/wp\/v2\/comments?post=29"}],"version-history":[{"count":59,"href":"https:\/\/montralanna.ch\/thai-massage-spa-zuerich-seefeld\/wp-json\/wp\/v2\/pages\/29\/revisions"}],"predecessor-version":[{"id":1040,"href":"https:\/\/montralanna.ch\/thai-massage-spa-zuerich-seefeld\/wp-json\/wp\/v2\/pages\/29\/revisions\/1040"}],"wp:attachment":[{"href":"https:\/\/montralanna.ch\/thai-massage-spa-zuerich-seefeld\/wp-json\/wp\/v2\/media?parent=29"}],"curies":[{"name":"wp","href":"https:\/\/api.w.org\/{rel}","templated":true}]}}