{"id":745,"date":"2018-11-07T09:24:01","date_gmt":"2018-11-07T09:24:01","guid":{"rendered":"https:\/\/demo.alekrishna.com.np\/montralanna\/a\/?page_id=745"},"modified":"2018-11-19T16:45:35","modified_gmt":"2018-11-19T16:45:35","slug":"impressum","status":"publish","type":"page","link":"https:\/\/montralanna.ch\/thai-massage-spa-zuerich-oerlikon\/impressum\/","title":{"rendered":"Impressum"},"content":{"rendered":"<p>Impressum<\/p>\n<p>Montra Lanna<br \/>\nThai Massage &amp; Spa<\/p>\n<p>Schaffhauserstrasse 3088050 Z\u00fcrich-Oerlikon<\/p>\n<p>044 309 88 89massage@montralanna.ch<\/p>\n<p>Urheberrechtlich gesch\u00fctzte Materialien<\/p>\n<p>Montra Lanna verwendet urheberrechtlich gesch\u00fctztes sowie auch nicht urheberrechtlich gesch\u00fctztes Material in unserer Publikation, einschlie\u00dflich dieser Website. Wenn Sie jedoch urheberrechtlich gesch\u00fctztes Material auf dieser Website finden, teilen Sie uns dies bitte mit und wir werden es innerhalb von 15 Tagen entfernen. Das Kopieren, Reproduzieren, Wiederver\u00f6ffentlichen, Hochladen, Posten, \u00dcbertragen oder Verteilen von Inhalten dieser Website ohne die schriftliche Genehmigung von Montra Lanna ist ausdr\u00fccklich untersagt, mit der Ausnahme, dass Sie auf diese Site zugreifen und die auf dieser Site pr\u00e4sentierten Materialien herunterladen, anzeigen und ausdrucken k\u00f6nnen Nur f\u00fcr den pers\u00f6nlichen, nicht kommerziellen Gebrauch.<\/p>\n<p>Nutzung der Website<\/p>\n<p>Die Nutzung dieser Website unterliegt den folgenden Bedingungen. Bitte lesen Sie diese Nutzungsvereinbarung sorgf\u00e4ltig und gr\u00fcndlich durch, bevor Sie diese Website nutzen. Durch die Nutzung dieser Website erkl\u00e4ren Sie, dass Sie diese Bedingungen gelesen und verstanden haben und diesen vollst\u00e4ndig zustimmen. Bitte lesen Sie diese Nutzungsvereinbarung sorgf\u00e4ltig und gr\u00fcndlich durch, bevor Sie diese Website nutzen. Alle \u00c4nderungen in der Datenschutzrichtlinie werden ver\u00f6ffentlicht und \u00c4nderungen gelten nur f\u00fcr Aktivit\u00e4ten und Informationen, nicht r\u00fcckwirkend. Es wird empfohlen, die Datenschutzbestimmungen bei jedem Besuch der Website zu \u00fcberpr\u00fcfen, um sicherzustellen, dass Sie wissen, wie die von Ihnen angegebenen pers\u00f6nlichen Informationen verwendet werden.<\/p>\n<p>Diese Website wurde erstellt, um Informationen \u00fcber Montra Lanna, das Ziel, das Produkt und die Dienstleistungen bereitzustellen. Die Informationen \u00e4ndern sich st\u00e4ndig. Daher k\u00f6nnen wir nicht garantieren, dass die Inhalte dieser Website vollst\u00e4ndig, aktuell und genau sind. Die Inhalte der Website dienen der allgemeinen Information und sollten nur als Referenz verwendet werden. Sie haben keine rechtlichen Garantien oder Zusagen. Sie nutzen diese Website auf eigene Gefahr. Montra Lanna \u00fcbernimmt keine Verantwortung und haftet nicht f\u00fcr Sch\u00e4den oder Verluste, die aufgrund von Informationen auf dieser Website entstehen.<\/p>\n<p>Durch die Nutzung dieser Website erkl\u00e4ren Sie sich damit einverstanden, dass Montra Lanna nicht f\u00fcr einen Geldbetrag einschlie\u00dflich direkter, indirekter, zuf\u00e4lliger oder erheblicher Sch\u00e4den haftbar gemacht wird, die sich aus Ihrer Nutzung dieser Website oder irgendwelcher Links von dieser Website ergeben, selbst wenn wir benachrichtigt werden der M\u00f6glichkeit solcher Sch\u00e4den. Sie stellen auch Montra Lanna-Tochtergesellschaften, leitende Angestellte, Mitarbeiter, Vertreter, verbundene Unternehmen oder verbundene Dritte von jeglichen Anspr\u00fcchen, Klagegr\u00fcnden oder Forderungen frei und stimmen zu, dass sie von s\u00e4mtlichen Anspr\u00fcchen und Kosten, einschlie\u00dflich Anwaltsgeb\u00fchren, die aus Ihrem Unternehmen entstehen, unsch\u00e4dlich sind Nutzung dieser Website.<\/p>\n<p>Datensicherheit<\/p>\n<p>Wir sind uns der Sensibilit\u00e4t und Sicherheitsbedeutung Ihrer pers\u00f6nlichen Daten bewusst und verwenden daher Verschl\u00fcsselungstechnologien nach Industriestandard, um Ihre Informationen auf dieser Website zu sch\u00fctzen. Wir geben unser Bestes, dass Ihre Informationen vollst\u00e4ndig gesch\u00fctzt sind und dass auf unserer Website keine Arten von Malware-Software oder W\u00fcrmern gehostet werden und dass unsere E-Mails frei von Viren oder anderen sch\u00e4dlichen Komponenten sind. Es gibt jedoch Einschr\u00e4nkungen, und es gibt immer wieder neue Arten von Sicherheitsbedrohungen. Daher k\u00f6nnen wir nicht die Sicherheit der Informationen gew\u00e4hrleisten, die Sie online offenlegen. Durch die Nutzung dieser Website erkennen Sie dies an und verwenden die Website auf eigene Gefahr.<\/p>\n<p>Cookie- \/ Tracking-Technologie<\/p>\n<p>Die Website verwendet m\u00f6glicherweise Cookie- und Tracking-Technologien, die zum Sammeln von Informationen wie Browsertyp und Betriebssystem, zur Verfolgung der Anzahl der Besucher der Website und zum Verst\u00e4ndnis der Nutzung der Website durch Besucher n\u00fctzlich sind. Cookies und Tracking-Technologien erfassen jedoch keine pers\u00f6nlichen Informationen. Wenn Sie jedoch zuvor pers\u00f6nlich identifizierbare Informationen angegeben haben, k\u00f6nnen Cookies an diese Informationen gebunden sein. Aggregierte Cookie- und Tracking-Informationen k\u00f6nnen mit Dritten geteilt werden<\/p>\n<p><!-- {\"name\":\"\",\"type\":\"layout\",\"children\":[{\"name\":\"\",\"type\":\"section\",\"props\":{\"style\":\"primary\",\"width\":\"default\",\"vertical_align\":\"middle\",\"title_position\":\"top-left\",\"title_rotation\":\"left\",\"title_breakpoint\":\"xl\",\"image_position\":\"center-center\",\"height\":\"\",\"padding\":\"\",\"header_transparent\":\"\",\"animation\":\"\",\"overlap\":false},\"children\":[{\"name\":\"\",\"type\":\"row\",\"props\":{\"fixed_width\":\"large\",\"breakpoint\":\"m\"},\"children\":[{\"name\":\"\",\"type\":\"column\",\"props\":{\"widths\":[\"\"],\"image_position\":\"center-center\"},\"children\":[{\"name\":\"Impressum\",\"type\":\"headline\",\"props\":{\"title_element\":\"h1\",\"title_style\":\"\",\"title_decoration\":\"\",\"title_color\":\"\",\"text_align\":\"center\",\"text_align_breakpoint\":\"\",\"text_align_fallback\":\"\",\"maxwidth\":\"\",\"maxwidth_align\":\"\",\"maxwidth_breakpoint\":\"\",\"margin\":\"\",\"animation\":\"\",\"visibility\":\"\",\"content\":\"Impressum\"}}]}]}]},{\"name\":\"\",\"type\":\"section\",\"props\":{\"style\":\"muted\",\"width\":\"small\",\"vertical_align\":\"middle\",\"title_position\":\"top-left\",\"title_rotation\":\"left\",\"title_breakpoint\":\"xl\",\"image_position\":\"center-center\",\"height\":\"\",\"padding\":\"\",\"header_transparent\":\"\",\"animation\":\"\",\"overlap\":false},\"children\":[{\"name\":\"\",\"type\":\"row\",\"props\":{\"fixed_width\":\"large\",\"breakpoint\":\"m\",\"layout\":\"1-1\",\"gutter\":\"\",\"width\":\"\",\"height\":\"\",\"margin\":\"\"},\"children\":[{\"name\":\"\",\"type\":\"column\",\"props\":{\"widths\":[\"1-1\"],\"image_position\":\"center-center\",\"vertical_align\":\"\",\"style\":\"default\",\"text_color\":\"\",\"padding\":\"\"},\"children\":[{\"name\":\"\",\"type\":\"text\",\"props\":{\"margin\":\"default\",\"column_breakpoint\":\"m\",\"text_style\":\"\",\"text_color\":\"\",\"text_size\":\"\",\"column\":\"\",\"text_align\":\"\",\"text_align_breakpoint\":\"\",\"text_align_fallback\":\"\",\"maxwidth\":\"\",\"maxwidth_align\":\"\",\"maxwidth_breakpoint\":\"\",\"animation\":\"\",\"visibility\":\"\",\"content\":\"\n\n<h2 class=\\\"uk-margin-remove-vertical\\\">Montra Lanna<\\\/h2>\\n\n\n<h2 class=\\\"uk-margin-remove-vertical uk-h4\\\">Thai Massage &amp; Spa<\\\/h2>\\n\n\n<div class=\\\"uk-margin uk-text-large\\\">\\n\n\n<p>Schaffhauserstrasse 308<br \\\/>8050 Z\\u00fcrich-Oerlikon<\\\/p>\\n<\\\/div>\\n\n\n<div class=\\\"uk-margin uk-text-large\\\">044 309 88 89<br \\\/>massage@montralanna.ch<\\\/div>\"}},{\"name\":\"\",\"type\":\"headline\",\"props\":{\"title_element\":\"h2\",\"title_style\":\"\",\"title_decoration\":\"\",\"title_color\":\"\",\"text_align\":\"\",\"text_align_breakpoint\":\"\",\"text_align_fallback\":\"\",\"maxwidth\":\"\",\"maxwidth_align\":\"\",\"maxwidth_breakpoint\":\"\",\"margin\":\"\",\"animation\":\"\",\"visibility\":\"\",\"content\":\"Urheberrechtlich gesch\\u00fctzte Materialien\",\"margin_remove_top\":false,\"margin_remove_bottom\":true}},{\"name\":\"\",\"type\":\"text\",\"props\":{\"margin\":\"small\",\"column_breakpoint\":\"m\",\"text_style\":\"\",\"text_color\":\"\",\"text_size\":\"\",\"column\":\"\",\"text_align\":\"\",\"text_align_breakpoint\":\"\",\"text_align_fallback\":\"\",\"maxwidth\":\"\",\"maxwidth_align\":\"\",\"maxwidth_breakpoint\":\"\",\"animation\":\"\",\"visibility\":\"\",\"content\":\"\n\n<p>Montra Lanna verwendet urheberrechtlich gesch\\u00fctztes sowie auch nicht urheberrechtlich gesch\\u00fctztes Material in unserer Publikation, einschlie\\u00dflich dieser Website. Wenn Sie jedoch urheberrechtlich gesch\\u00fctztes Material auf dieser Website finden, teilen Sie uns dies bitte mit und wir werden es innerhalb von 15 Tagen entfernen. Das Kopieren, Reproduzieren, Wiederver\\u00f6ffentlichen, Hochladen, Posten, \\u00dcbertragen oder Verteilen von Inhalten dieser Website ohne die schriftliche Genehmigung von Montra Lanna ist ausdr\\u00fccklich untersagt, mit der Ausnahme, dass Sie auf diese Site zugreifen und die auf dieser Site pr\\u00e4sentierten Materialien herunterladen, anzeigen und ausdrucken k\\u00f6nnen Nur f\\u00fcr den pers\\u00f6nlichen, nicht kommerziellen Gebrauch.<\\\/p>\"}},{\"name\":\"\",\"type\":\"headline\",\"props\":{\"title_element\":\"h2\",\"title_style\":\"\",\"title_decoration\":\"\",\"title_color\":\"\",\"text_align\":\"\",\"text_align_breakpoint\":\"\",\"text_align_fallback\":\"\",\"maxwidth\":\"\",\"maxwidth_align\":\"\",\"maxwidth_breakpoint\":\"\",\"margin\":\"\",\"animation\":\"\",\"visibility\":\"\",\"content\":\"Nutzung der Website\",\"margin_remove_top\":false,\"margin_remove_bottom\":true}},{\"name\":\"\",\"type\":\"text\",\"props\":{\"margin\":\"small\",\"column_breakpoint\":\"m\",\"text_style\":\"\",\"text_color\":\"\",\"text_size\":\"\",\"column\":\"\",\"text_align\":\"\",\"text_align_breakpoint\":\"\",\"text_align_fallback\":\"\",\"maxwidth\":\"\",\"maxwidth_align\":\"\",\"maxwidth_breakpoint\":\"\",\"animation\":\"\",\"visibility\":\"\",\"content\":\"Die Nutzung dieser Website unterliegt den folgenden Bedingungen. Bitte lesen Sie diese Nutzungsvereinbarung sorgf\\u00e4ltig und gr\\u00fcndlich durch, bevor Sie diese Website nutzen. Durch die Nutzung dieser Website erkl\\u00e4ren Sie, dass Sie diese Bedingungen gelesen und verstanden haben und diesen vollst\\u00e4ndig zustimmen. Bitte lesen Sie diese Nutzungsvereinbarung sorgf\\u00e4ltig und gr\\u00fcndlich durch, bevor Sie diese Website nutzen. Alle \\u00c4nderungen in der Datenschutzrichtlinie werden ver\\u00f6ffentlicht und \\u00c4nderungen gelten nur f\\u00fcr Aktivit\\u00e4ten und Informationen, nicht r\\u00fcckwirkend. Es wird empfohlen, die Datenschutzbestimmungen bei jedem Besuch der Website zu \\u00fcberpr\\u00fcfen, um sicherzustellen, dass Sie wissen, wie die von Ihnen angegebenen pers\\u00f6nlichen Informationen verwendet werden.\"}},{\"name\":\"\",\"type\":\"text\",\"props\":{\"margin\":\"small\",\"column_breakpoint\":\"m\",\"text_style\":\"\",\"text_color\":\"\",\"text_size\":\"\",\"column\":\"\",\"text_align\":\"\",\"text_align_breakpoint\":\"\",\"text_align_fallback\":\"\",\"maxwidth\":\"\",\"maxwidth_align\":\"\",\"maxwidth_breakpoint\":\"\",\"animation\":\"\",\"visibility\":\"\",\"content\":\"Diese Website wurde erstellt, um Informationen \\u00fcber Montra Lanna, das Ziel, das Produkt und die Dienstleistungen bereitzustellen. Die Informationen \\u00e4ndern sich st\\u00e4ndig. Daher k\\u00f6nnen wir nicht garantieren, dass die Inhalte dieser Website vollst\\u00e4ndig, aktuell und genau sind. Die Inhalte der Website dienen der allgemeinen Information und sollten nur als Referenz verwendet werden. Sie haben keine rechtlichen Garantien oder Zusagen. Sie nutzen diese Website auf eigene Gefahr. Montra Lanna \\u00fcbernimmt keine Verantwortung und haftet nicht f\\u00fcr Sch\\u00e4den oder Verluste, die aufgrund von Informationen auf dieser Website entstehen.\"}},{\"name\":\"\",\"type\":\"text\",\"props\":{\"margin\":\"small\",\"column_breakpoint\":\"m\",\"text_style\":\"\",\"text_color\":\"\",\"text_size\":\"\",\"column\":\"\",\"text_align\":\"\",\"text_align_breakpoint\":\"\",\"text_align_fallback\":\"\",\"maxwidth\":\"\",\"maxwidth_align\":\"\",\"maxwidth_breakpoint\":\"\",\"animation\":\"\",\"visibility\":\"\",\"content\":\"Durch die Nutzung dieser Website erkl\\u00e4ren Sie sich damit einverstanden, dass Montra Lanna nicht f\\u00fcr einen Geldbetrag einschlie\\u00dflich direkter, indirekter, zuf\\u00e4lliger oder erheblicher Sch\\u00e4den haftbar gemacht wird, die sich aus Ihrer Nutzung dieser Website oder irgendwelcher Links von dieser Website ergeben, selbst wenn wir benachrichtigt werden der M\\u00f6glichkeit solcher Sch\\u00e4den. Sie stellen auch Montra Lanna-Tochtergesellschaften, leitende Angestellte, Mitarbeiter, Vertreter, verbundene Unternehmen oder verbundene Dritte von jeglichen Anspr\\u00fcchen, Klagegr\\u00fcnden oder Forderungen frei und stimmen zu, dass sie von s\\u00e4mtlichen Anspr\\u00fcchen und Kosten, einschlie\\u00dflich Anwaltsgeb\\u00fchren, die aus Ihrem Unternehmen entstehen, unsch\\u00e4dlich sind Nutzung dieser Website.\"}},{\"name\":\"\",\"type\":\"headline\",\"props\":{\"title_element\":\"h2\",\"title_style\":\"\",\"title_decoration\":\"\",\"title_color\":\"\",\"text_align\":\"\",\"text_align_breakpoint\":\"\",\"text_align_fallback\":\"\",\"maxwidth\":\"\",\"maxwidth_align\":\"\",\"maxwidth_breakpoint\":\"\",\"margin\":\"\",\"animation\":\"\",\"visibility\":\"\",\"content\":\"Datensicherheit\",\"margin_remove_top\":false,\"margin_remove_bottom\":true}},{\"name\":\"\",\"type\":\"text\",\"props\":{\"margin\":\"small\",\"column_breakpoint\":\"m\",\"text_style\":\"\",\"text_color\":\"\",\"text_size\":\"\",\"column\":\"\",\"text_align\":\"\",\"text_align_breakpoint\":\"\",\"text_align_fallback\":\"\",\"maxwidth\":\"\",\"maxwidth_align\":\"\",\"maxwidth_breakpoint\":\"\",\"animation\":\"\",\"visibility\":\"\",\"content\":\"Wir sind uns der Sensibilit\\u00e4t und Sicherheitsbedeutung Ihrer pers\\u00f6nlichen Daten bewusst und verwenden daher Verschl\\u00fcsselungstechnologien nach Industriestandard, um Ihre Informationen auf dieser Website zu sch\\u00fctzen. Wir geben unser Bestes, dass Ihre Informationen vollst\\u00e4ndig gesch\\u00fctzt sind und dass auf unserer Website keine Arten von Malware-Software oder W\\u00fcrmern gehostet werden und dass unsere E-Mails frei von Viren oder anderen sch\\u00e4dlichen Komponenten sind. Es gibt jedoch Einschr\\u00e4nkungen, und es gibt immer wieder neue Arten von Sicherheitsbedrohungen. Daher k\\u00f6nnen wir nicht die Sicherheit der Informationen gew\\u00e4hrleisten, die Sie online offenlegen. Durch die Nutzung dieser Website erkennen Sie dies an und verwenden die Website auf eigene Gefahr.\"}},{\"name\":\"\",\"type\":\"headline\",\"props\":{\"title_element\":\"h2\",\"title_style\":\"\",\"title_decoration\":\"\",\"title_color\":\"\",\"text_align\":\"\",\"text_align_breakpoint\":\"\",\"text_align_fallback\":\"\",\"maxwidth\":\"\",\"maxwidth_align\":\"\",\"maxwidth_breakpoint\":\"\",\"margin\":\"\",\"animation\":\"\",\"visibility\":\"\",\"content\":\"Cookie- \\\/ Tracking-Technologie\",\"margin_remove_top\":false,\"margin_remove_bottom\":true}},{\"name\":\"\",\"type\":\"text\",\"props\":{\"margin\":\"small\",\"column_breakpoint\":\"m\",\"text_style\":\"\",\"text_color\":\"\",\"text_size\":\"\",\"column\":\"\",\"text_align\":\"\",\"text_align_breakpoint\":\"\",\"text_align_fallback\":\"\",\"maxwidth\":\"\",\"maxwidth_align\":\"\",\"maxwidth_breakpoint\":\"\",\"animation\":\"\",\"visibility\":\"\",\"content\":\"Die Website verwendet m\\u00f6glicherweise Cookie- und Tracking-Technologien, die zum Sammeln von Informationen wie Browsertyp und Betriebssystem, zur Verfolgung der Anzahl der Besucher der Website und zum Verst\\u00e4ndnis der Nutzung der Website durch Besucher n\\u00fctzlich sind. Cookies und Tracking-Technologien erfassen jedoch keine pers\\u00f6nlichen Informationen. Wenn Sie jedoch zuvor pers\\u00f6nlich identifizierbare Informationen angegeben haben, k\\u00f6nnen Cookies an diese Informationen gebunden sein. Aggregierte Cookie- und Tracking-Informationen k\\u00f6nnen mit Dritten geteilt werden\"}}]}]}]}]} --><\/p>\n","protected":false},"excerpt":{"rendered":"<p>Impressum Montra Lanna Thai Massage &amp; Spa Schaffhauserstrasse 3088050 Z\u00fcrich-Oerlikon 044 309 88 89massage@montralanna.ch Urheberrechtlich gesch\u00fctzte Materialien Montra Lanna verwendet urheberrechtlich gesch\u00fctztes sowie auch nicht urheberrechtlich gesch\u00fctztes Material in unserer Publikation, einschlie\u00dflich dieser Website. Wenn Sie jedoch urheberrechtlich gesch\u00fctztes Material auf dieser Website finden, teilen Sie uns dies bitte mit und wir werden es innerhalb [&hellip;]<\/p>\n","protected":false},"author":1,"featured_media":0,"parent":0,"menu_order":0,"comment_status":"closed","ping_status":"closed","template":"","meta":{"footnotes":""},"class_list":["post-745","page","type-page","status-publish","hentry"],"_links":{"self":[{"href":"https:\/\/montralanna.ch\/thai-massage-spa-zuerich-oerlikon\/wp-json\/wp\/v2\/pages\/745","targetHints":{"allow":["GET"]}}],"collection":[{"href":"https:\/\/montralanna.ch\/thai-massage-spa-zuerich-oerlikon\/wp-json\/wp\/v2\/pages"}],"about":[{"href":"https:\/\/montralanna.ch\/thai-massage-spa-zuerich-oerlikon\/wp-json\/wp\/v2\/types\/page"}],"author":[{"embeddable":true,"href":"https:\/\/montralanna.ch\/thai-massage-spa-zuerich-oerlikon\/wp-json\/wp\/v2\/users\/1"}],"replies":[{"embeddable":true,"href":"https:\/\/montralanna.ch\/thai-massage-spa-zuerich-oerlikon\/wp-json\/wp\/v2\/comments?post=745"}],"version-history":[{"count":26,"href":"https:\/\/montralanna.ch\/thai-massage-spa-zuerich-oerlikon\/wp-json\/wp\/v2\/pages\/745\/revisions"}],"predecessor-version":[{"id":819,"href":"https:\/\/montralanna.ch\/thai-massage-spa-zuerich-oerlikon\/wp-json\/wp\/v2\/pages\/745\/revisions\/819"}],"wp:attachment":[{"href":"https:\/\/montralanna.ch\/thai-massage-spa-zuerich-oerlikon\/wp-json\/wp\/v2\/media?parent=745"}],"curies":[{"name":"wp","href":"https:\/\/api.w.org\/{rel}","templated":true}]}}