{"id":32,"date":"2018-09-24T10:03:14","date_gmt":"2018-09-24T10:03:14","guid":{"rendered":"http:\/\/localhost\/district\/index.php\/catering\/"},"modified":"2022-08-13T08:04:27","modified_gmt":"2022-08-13T07:04:27","slug":"angebot","status":"publish","type":"page","link":"https:\/\/montralanna.ch\/thai-massage-spa-zuerich-oerlikon\/angebot\/","title":{"rendered":"Angebot"},"content":{"rendered":"<ul>\n<li>\n<p>        <img decoding=\"async\" src=\"\/thai-massage-spa-zuerich-oerlikon\/wp-content\/uploads\/slider1.jpg\" alt=\"\"><\/p>\n<\/li>\n<li>\n<p>        <img decoding=\"async\" src=\"\/thai-massage-spa-zuerich-oerlikon\/wp-content\/uploads\/slider2.jpg\" alt=\"\"><\/p>\n<\/li>\n<li>\n<p>        <img decoding=\"async\" src=\"\/thai-massage-spa-zuerich-oerlikon\/wp-content\/uploads\/slider4.jpg\" alt=\"\"><\/p>\n<\/li>\n<\/ul>\n<h1>Unsere Dienstleistungen<\/h1>\n<hr>\n<div>\n<p>Wir bieten Dienstleistungen von h\u00f6chster Qualit\u00e4t. Das angenehme Raumklima spielt auch hier eine wichtige Rolle. F\u00fcr unsere Behandlungen und Massagen verwenden wir nur Produkte von h\u00f6chster Qualit\u00e4t, wie Bio-Kokos\u00f6l, \u00e4therisches \u00d6l aus nachhaltiger Produktion .<\/p>\n<\/div>\n<hr>\n<ul>\n<li>\n        <a href=\"\/thai-massage-spa-zuerich-oerlikon\/massagen\/\">Massagen<\/a>\n    <\/li>\n<li>\n        <a href=\"\/thai-massage-spa-zuerich-oerlikon\/haarentfernung\/\">Haarentfernung<\/a>\n    <\/li>\n<\/ul>\n<p><!--more--><br \/>\n<!-- {\"name\":\"\",\"type\":\"layout\",\"children\":[{\"name\":\"Hero\",\"type\":\"section\",\"props\":{\"style\":\"default\",\"width\":\"\",\"vertical_align\":\"middle\",\"title_position\":\"top-left\",\"title_rotation\":\"left\",\"title_breakpoint\":\"xl\",\"image_position\":\"center-center\",\"padding\":\"none\"},\"children\":[{\"name\":\"\",\"type\":\"row\",\"children\":[{\"name\":\"\",\"type\":\"column\",\"props\":{\"image_position\":\"center-center\",\"width_medium\":\"1-1\",\"media_overlay_gradient\":\"\",\"position_sticky_breakpoint\":\"m\"},\"children\":[{\"name\":\"\",\"type\":\"overlay-slider\",\"props\":{\"show_title\":true,\"show_meta\":true,\"show_content\":true,\"show_link\":true,\"slider_width\":\"fixed\",\"slider_width_default\":\"1-1\",\"slider_width_medium\":\"1-2\",\"slider_autoplay_pause\":true,\"nav\":\"\",\"nav_align\":\"center\",\"nav_breakpoint\":\"s\",\"slidenav\":\"\",\"slidenav_margin\":\"medium\",\"slidenav_breakpoint\":\"s\",\"slidenav_outside_breakpoint\":\"xl\",\"overlay_mode\":\"cover\",\"overlay_position\":\"center\",\"overlay_transition\":\"fade\",\"title_element\":\"h3\",\"meta_style\":\"meta\",\"meta_align\":\"below-title\",\"text_align\":\"center\",\"margin\":\"default\",\"slider_height\":\"\",\"slider_width_small\":\"3-5\",\"slider_width_large\":\"\",\"slider_width_xlarge\":\"\",\"nav_margin\":\"\",\"nav_color\":\"\",\"slidenav_color\":\"\",\"slidenav_outside_color\":\"\",\"slidenav_hover\":false,\"slider_divider\":false,\"slider_center\":true,\"slider_sets\":true,\"image_width\":\"1260\",\"slider_autoplay\":true,\"slider_gap\":\"small\",\"overlay_link\":true,\"link_text\":\"\",\"title_hover_style\":\"reset\",\"meta_element\":\"div\",\"link_style\":\"default\",\"show_hover_image\":true},\"children\":[{\"name\":\"\",\"type\":\"overlay-slider_item\",\"props\":{\"image\":\"wp-content\\\/uploads\\\/slider1.jpg\"}},{\"name\":\"\",\"type\":\"overlay-slider_item\",\"props\":{\"image\":\"wp-content\\\/uploads\\\/slider2.jpg\"}},{\"name\":\"\",\"type\":\"overlay-slider_item\",\"props\":{\"image\":\"wp-content\\\/uploads\\\/slider4.jpg\"}}]}]}]}]},{\"name\":\"\",\"type\":\"section\",\"props\":{\"style\":\"muted\",\"width\":\"default\",\"vertical_align\":\"middle\",\"title_position\":\"top-left\",\"title_rotation\":\"left\",\"title_breakpoint\":\"xl\",\"image_position\":\"center-center\",\"padding\":\"large\"},\"children\":[{\"name\":\"\",\"type\":\"row\",\"children\":[{\"name\":\"\",\"type\":\"column\",\"props\":{\"image_position\":\"center-center\",\"width_medium\":\"1-1\",\"media_overlay_gradient\":\"\",\"position_sticky_breakpoint\":\"m\"},\"children\":[{\"name\":\"\",\"type\":\"headline\",\"props\":{\"title_element\":\"h1\",\"text_align\":\"center\",\"content\":\"Unsere Dienstleistungen\"}},{\"name\":\"\",\"type\":\"divider\",\"props\":{\"divider_element\":\"hr\",\"divider_style\":\"icon\",\"divider_align\":\"center\",\"divider_align_breakpoint\":\"\",\"divider_align_fallback\":\"\",\"maxwidth\":\"small\",\"block_align\":\"center\"}},{\"name\":\"\",\"type\":\"text\",\"props\":{\"margin\":\"default\",\"column_breakpoint\":\"m\",\"text_align\":\"center\",\"maxwidth\":\"2xlarge\",\"content\":\"\n\n<p>Wir bieten Dienstleistungen von h\\u00f6chster Qualit\\u00e4t. Das angenehme Raumklima spielt auch hier eine wichtige Rolle. F\\u00fcr unsere Behandlungen und Massagen verwenden wir nur Produkte von h\\u00f6chster Qualit\\u00e4t, wie Bio-Kokos\\u00f6l, \\u00e4therisches \\u00d6l aus nachhaltiger Produktion .<\\\/p>\",\"block_align\":\"center\"}},{\"type\":\"divider\",\"props\":{\"divider_element\":\"hr\"}},{\"type\":\"button\",\"props\":{\"grid_column_gap\":\"small\",\"grid_row_gap\":\"large\",\"margin\":\"default\",\"button_size\":\"large\",\"text_align\":\"center\"},\"children\":[{\"type\":\"button_item\",\"props\":{\"button_style\":\"primary\",\"icon_align\":\"left\",\"content\":\"Massagen\",\"link\":\"massagen\\\/\"}},{\"type\":\"button_item\",\"props\":{\"button_style\":\"primary\",\"icon_align\":\"left\",\"content\":\"Haarentfernung\",\"link\":\"haarentfernung\\\/\"}}]}]}]}]}],\"version\":\"2.7.22\"} --><\/p>\n","protected":false},"excerpt":{"rendered":"<p>Unsere Dienstleistungen Wir bieten Dienstleistungen von h\u00f6chster Qualit\u00e4t. Das angenehme Raumklima spielt auch hier eine wichtige Rolle. F\u00fcr unsere Behandlungen und Massagen verwenden wir nur Produkte von h\u00f6chster Qualit\u00e4t, wie Bio-Kokos\u00f6l, \u00e4therisches \u00d6l aus nachhaltiger Produktion . Massagen Haarentfernung<\/p>\n","protected":false},"author":1,"featured_media":0,"parent":0,"menu_order":2,"comment_status":"closed","ping_status":"closed","template":"","meta":{"footnotes":""},"class_list":["post-32","page","type-page","status-publish","hentry"],"_links":{"self":[{"href":"https:\/\/montralanna.ch\/thai-massage-spa-zuerich-oerlikon\/wp-json\/wp\/v2\/pages\/32","targetHints":{"allow":["GET"]}}],"collection":[{"href":"https:\/\/montralanna.ch\/thai-massage-spa-zuerich-oerlikon\/wp-json\/wp\/v2\/pages"}],"about":[{"href":"https:\/\/montralanna.ch\/thai-massage-spa-zuerich-oerlikon\/wp-json\/wp\/v2\/types\/page"}],"author":[{"embeddable":true,"href":"https:\/\/montralanna.ch\/thai-massage-spa-zuerich-oerlikon\/wp-json\/wp\/v2\/users\/1"}],"replies":[{"embeddable":true,"href":"https:\/\/montralanna.ch\/thai-massage-spa-zuerich-oerlikon\/wp-json\/wp\/v2\/comments?post=32"}],"version-history":[{"count":51,"href":"https:\/\/montralanna.ch\/thai-massage-spa-zuerich-oerlikon\/wp-json\/wp\/v2\/pages\/32\/revisions"}],"predecessor-version":[{"id":1737,"href":"https:\/\/montralanna.ch\/thai-massage-spa-zuerich-oerlikon\/wp-json\/wp\/v2\/pages\/32\/revisions\/1737"}],"wp:attachment":[{"href":"https:\/\/montralanna.ch\/thai-massage-spa-zuerich-oerlikon\/wp-json\/wp\/v2\/media?parent=32"}],"curies":[{"name":"wp","href":"https:\/\/api.w.org\/{rel}","templated":true}]}}