{"id":25,"date":"2018-08-07T14:10:37","date_gmt":"2018-08-07T13:10:37","guid":{"rendered":"http:\/\/localhost\/district\/index.php\/home\/"},"modified":"2026-02-26T16:05:36","modified_gmt":"2026-02-26T15:05:36","slug":"montra-lanna","status":"publish","type":"page","link":"https:\/\/montralanna.ch\/thai-massage-spa-zuerich-oerlikon\/","title":{"rendered":"Montra Lanna"},"content":{"rendered":"<ul>\n<li>\n<p>        <img decoding=\"async\" src=\"\/thai-massage-spa-zuerich-oerlikon\/wp-content\/uploads\/banner2.jpg\" alt=\"\"><\/p>\n<div>Willkommen in<br class=\"uk-visible@s\"> unserem Spa Center<\/div>\n<\/li>\n<li>\n<p>        <img decoding=\"async\" src=\"\/thai-massage-spa-zuerich-oerlikon\/wp-content\/uploads\/banner4.jpg\" alt=\"\"><\/p>\n<div>Wir glauben an <br class=\"uk-visible@s\"> Kunden&shy;zufriedenheit<\/div>\n<\/li>\n<li>\n<p>        <img decoding=\"async\" src=\"\/thai-massage-spa-zuerich-oerlikon\/wp-content\/uploads\/banner6.jpg\" alt=\"\"><\/p>\n<div>G\u00f6nnen Sie sich eine entspannte <br class=\"uk-visible@s\"\/> Massage bei uns.<\/div>\n<\/li>\n<\/ul>\n<p><a href=\"#below\">[chevron-down]<\/a><\/p>\n<h1>Thai Massage &amp; Spa in Z\u00fcrich Oerlikon<\/h1>\n<h2>Montra Lanna<\/h2>\n<hr>\n<div>Wir nutzen die Techniken der Thai Massage im Bereich der Sportmassage sowie Kopf &#038; Nackenmassagen. Durch die Massage dieser Punkte und Linien wird es m\u00f6glich, ein breites Spektrum an Krankheiten zu behandeln und Schmerzen zu lindern. Liegt ein Ungleichgewicht im Energieflu\u00df vor, hat dies eine unzureichende Versorgung mit Prana zur Folge und kann zu Erkrankungen f\u00fchren. Durch die Arbeit an diesen Haupt-Energielinien wird eine Behandlung der inneren Organe sowie des gesamten K\u00f6rpers m\u00f6glich. Genie\u00dfen Sie dies bei einer Paarmassage in Z\u00fcrich-Oerlikon.<\/div>\n<p>\n    <a href=\"\/thai-massage-spa-zuerich-oerlikon\/index.php?page_id=30\">Mehr \u00fcber uns<\/a>\n<\/p>\n<h2>Geschenkgutschein<\/h2>\n<div>\n<p><span>Vers\u00fcssen Sie Ihren Liebsten den Tag und verschenken Sie einen Gutschein f\u00fcr eine beliebige Behandlung bei Montra Lanna.<\/span><\/p>\n<\/div>\n<p>\n    <a href=\"https:\/\/salonkee.ch\/salon\/montra-lanna-thai-massage-spa\/gift-card\">Jetzt bestellen<\/a>\n<\/p>\n<h2>Von der Thai Massage bis zur Paarmassage \u2013 Massagen sind eine Wohltat f\u00fcr K\u00f6rper und Geist <\/h2>\n<div>Massagen k\u00f6nnen f\u00fcr ein physisches und psychisches Wohlgef\u00fchl sorgen. Schon seit Jahrtausenden sind sie ein Bestandteil der traditionellen chinesischen Medizin und haben schon lange den Einzug in die westliche Welt gehalten. Die Grundlagen werden bei der Sport Massage ebenso angewendet wie bei Kopf &#038; Nackenmassagen. Bei uns in Oerlikon, einem Stadtteil von Z\u00fcrich, k\u00f6nnen Sie sich von erfahrenen Therapeuten bei einer Thai Massageverw\u00f6hnen lassen. Geniessen Sie eine Sport Massage, entspannen Sie sich bei einer Nackenmassage, buchen Sie eine Sport Massage, oder vereinbaren Sie einen Termin zu einer Paarmassage. Wohltuend sind Kopf &#038; Nacken Massagen, vor allem, wenn Sie eine Arbeit aus\u00fcben, die mit einer eint\u00f6nigen Sitzhaltung verbunden ist.<\/div>\n<div>Wir bieten alle Behandlungen auch als Paarmassage an. Ideal ist dies f\u00fcr Freunde, Liebes- oder Ehepaare, welche gemeinsame Entspannung genie\u00dfen m\u00f6chten. Sie werden bei uns in Z\u00fcrich-Oerlikon in einem Raum von zwei Masseurinnen nebeneinander massiert. W\u00e4hlen Sie eine Nackenmassage, w\u00e4hrend Ihr Partner eine Sport Massage genie\u00dft. Bei Ihrem Team in Oerlikon, Z\u00fcrich, z\u00e4hlen Ihre W\u00fcnsche.<\/div>\n<div>Kommen Sie zu uns nach Z\u00fcrich-Oerlikon und g\u00f6nnen Sie sich Entspannung bei einer Thai Massage. Sie entscheiden, wie wir Sie behandeln und verw\u00f6hnen d\u00fcrfen. Eine Paarmassage als unvergessliches Erlebnis, eine Nackenmassage zur Linderung Ihrer Kopfschmerzen, Kopf- und Nackenmassagen zur Vorbeugung von Verspannungen oder eine Sport Massage, Sie haben die Wahl.<\/div>\n<p><img decoding=\"async\" src=\"\/thai-massage-spa-zuerich-oerlikon\/wp-content\/uploads\/intro1.jpg\" alt=\"\"><br \/>\n<img decoding=\"async\" src=\"\/thai-massage-spa-zuerich-oerlikon\/wp-content\/uploads\/intro2.jpg\" alt=\"\"><br \/>\n<img decoding=\"async\" src=\"\/thai-massage-spa-zuerich-oerlikon\/wp-content\/uploads\/intro3.jpg\" alt=\"\"><\/p>\n<h2>Massagen<\/h2>\n<p>\n    <a href=\"\/thai-massage-spa-zuerich-oerlikon\/index.php?page_id=558\">Mehr erfahren<\/a>\n<\/p>\n<h3>Mit einem Team von engagierten Mitarbeitern, die vollst\u00e4ndig nach internationalen Standards ausgebildet sind, k\u00f6nnen wir uns r\u00fchmen, den besten Service in der ganzen Schweiz zu haben.<\/h3>\n<div>Eine Massage an den entsprechenden Energielinien hilft, Blockaden zu l\u00f6sen und regt den Energiefluss an. Aus den urspr\u00fcnglichen Techniken sind inzwischen unz\u00e4hlige verschiedene Massagearten entstanden, wie die Sport Massage oder Nackenmassage. Klagen Sie oft \u00fcber Kopfschmerzen, dann finden Sie in einer Nackenmassage Entspannung pur. Kopf &#038; Nacken Massagen basieren auf der urspr\u00fcnglichen Thai Massage.<\/div>\n<div>Lassen Sie sich von unserem Team in Oerlikon bei Z\u00fcrich von fachkundigen H\u00e4nden massieren, eine angenehme und harmonische Atmosph\u00e4re empf\u00e4ngt sie. Migr\u00e4ne und Kopfschmerzen lassen sich durch Kopf &#038; Nacken Massagen mit Erfolg behandeln, Konzentrationsst\u00f6rungen und Unruhe werden erfolgreich behandelt. Verspannungen im Nacken- und Schulterbereich werden durch eine Lockerung der Muskulatur beseitigt, eine Nackenmassage lockert und regt die Durchblutung an. Kopf &#038; Nacken Massagen sind in unserer bewegungsarmen Zeit sehr beliebte Therapien.<\/div>\n<h2>Entspannen Sie Ihren K\u00f6rper, beruhigen Sie Ihren Seele, erneuern Sie Ihren Geist<\/h2>\n<div>Orte, die der Verbesserung des allgemeinen Wohlbefindens durch eine Vielzahl professioneller Dienstleistungen gewidmet sind, die die Erneuerung von K\u00f6rper, Geist und Seele f\u00f6rdern.<\/p>\n<\/div>\n<p>\n    <a href=\"\/thai-massage-spa-zuerich-oerlikon\/index.php?page_id=30\">Kontaktieren Sie uns<\/a>\n<\/p>\n<p><!--more--><br \/>\n<!-- {\"name\":\"Home\",\"type\":\"layout\",\"children\":[{\"name\":\"Hero\",\"type\":\"section\",\"props\":{\"style\":\"default\",\"width\":\"\",\"vertical_align\":\"middle\",\"title_position\":\"top-left\",\"title_rotation\":\"left\",\"title_breakpoint\":\"xl\",\"image_position\":\"center-center\",\"padding\":\"none\",\"header_transparent\":\"light\",\"image\":\"\",\"text_color\":\"light\",\"image_size\":\"cover\",\"image_width\":\"2560\",\"overlap\":false,\"header_transparent_noplaceholder\":true,\"css\":\".el-section .el-content{\\n    color: #fff;}\"},\"children\":[{\"name\":\"\",\"type\":\"row\",\"children\":[{\"name\":\"\",\"type\":\"column\",\"props\":{\"image_position\":\"center-center\",\"width_medium\":\"1-1\",\"media_overlay_gradient\":\"\",\"position_sticky_breakpoint\":\"m\"},\"children\":[{\"name\":\"\",\"type\":\"slideshow\",\"props\":{\"show_title\":true,\"show_meta\":true,\"show_content\":true,\"show_link\":true,\"show_thumbnail\":true,\"slideshow_min_height\":300,\"slideshow_autoplay_pause\":false,\"nav\":\"\",\"nav_position\":\"bottom-center\",\"nav_position_margin\":\"medium\",\"nav_align\":\"center\",\"nav_breakpoint\":\"s\",\"thumbnav_width\":\"100\",\"thumbnav_height\":\"75\",\"slidenav\":\"bottom-left\",\"slidenav_margin\":\"medium\",\"slidenav_breakpoint\":\"s\",\"slidenav_outside_breakpoint\":\"xl\",\"overlay_position\":\"center\",\"overlay_animation\":\"parallax\",\"title_element\":\"div\",\"meta_style\":\"meta\",\"meta_align\":\"below-title\",\"link_text\":\"Read more\",\"link_style\":\"default\",\"margin\":\"default\",\"slideshow_height\":\"full\",\"text_color\":\"light\",\"slideshow_box_shadow\":\"\",\"slideshow_animation\":\"\",\"slideshow_kenburns\":\"\",\"nav_color\":\"\",\"slidenav_outside_color\":\"\",\"overlay_container\":\"\",\"overlay_container_padding\":\"\",\"overlay_width\":\"xlarge\",\"title_style\":\"h1\",\"text_align\":\"center\",\"slideshow_autoplay\":true,\"slidenav_large\":true,\"thumbnav_svg_color\":\"emphasis\",\"meta_element\":\"div\"},\"children\":[{\"name\":\"\",\"type\":\"slideshow_item\",\"props\":{\"image\":\"wp-content\\\/uploads\\\/banner2.jpg\",\"title\":\"Willkommen in<br class=\\\"uk-visible@s\\\"> unserem Spa Center\",\"content\":\"\",\"media_overlay\":\"rgba(0, 0, 0, 0.13)\"}},{\"name\":\"\",\"type\":\"slideshow_item\",\"props\":{\"image\":\"wp-content\\\/uploads\\\/banner4.jpg\",\"title\":\"Wir glauben an <br class=\\\"uk-visible@s\\\"> Kunden&shy;zufriedenheit\",\"content\":\"\",\"media_overlay\":\"rgba(0, 0, 0, 0.13)\"}},{\"name\":\"\",\"type\":\"slideshow_item\",\"props\":{\"image\":\"wp-content\\\/uploads\\\/banner6.jpg\",\"title\":\"G\\u00f6nnen Sie sich eine entspannte <br class=\\\"uk-visible@s\\\"\\\/> Massage bei uns.\",\"content\":\"\",\"media_overlay\":\"rgba(0, 0, 0, 0.13)\"}}]}]}]}]},{\"name\":\"\",\"type\":\"section\",\"props\":{\"style\":\"default\",\"width\":\"default\",\"vertical_align\":\"middle\",\"title_position\":\"top-left\",\"title_rotation\":\"left\",\"title_breakpoint\":\"xl\",\"image_position\":\"center-center\",\"padding\":\"none\",\"class\":\"uk-visible@s\"},\"children\":[{\"name\":\"\",\"type\":\"row\",\"children\":[{\"name\":\"\",\"type\":\"column\",\"props\":{\"image_position\":\"center-center\",\"width_medium\":\"1-1\",\"media_overlay_gradient\":\"\",\"position_sticky_breakpoint\":\"m\"},\"children\":[{\"name\":\"\",\"type\":\"icon\",\"props\":{\"icon\":\"chevron-down\",\"margin\":\"default\",\"text_align\":\"center\",\"link\":\"#below\",\"css\":\".el-element {\\n    margin-top: -80px;\\n    color:#fff !important;\\n}\",\"icon_width\":40}}]}]}]},{\"name\":\"intro\",\"type\":\"section\",\"props\":{\"style\":\"default\",\"width\":\"xlarge\",\"vertical_align\":\"middle\",\"title_position\":\"top-left\",\"title_rotation\":\"left\",\"title_breakpoint\":\"xl\",\"image_position\":\"center-center\",\"padding\":\"large\",\"animation\":\"slide-bottom\",\"padding_remove_bottom\":false,\"image\":\"wp-content\\\/uploads\\\/texture1.png\",\"image_size\":\"cover\",\"id\":\"below\",\"animation_delay\":\"200\"},\"children\":[{\"name\":\"\",\"type\":\"row\",\"props\":{\"match\":false,\"vertical_align\":\"middle\",\"column_gap\":\"small\",\"row_gap\":\"small\"},\"children\":[{\"name\":\"\",\"type\":\"column\",\"props\":{\"image_position\":\"center-center\",\"vertical_align\":\"middle\",\"width_large\":\"1-1\",\"media_overlay_gradient\":\"\",\"position_sticky_breakpoint\":\"m\"},\"children\":[{\"name\":\"\",\"type\":\"headline\",\"props\":{\"title_element\":\"h1\",\"title_style\":\"h1\",\"text_align\":\"center\",\"content\":\"Thai Massage &amp; Spa in Z\\u00fcrich Oerlikon\",\"margin_remove_top\":true,\"block_align\":\"center\"}},{\"name\":\"\",\"type\":\"headline\",\"props\":{\"title_element\":\"h2\",\"title_style\":\"h5\",\"text_align\":\"center\",\"content\":\"Montra Lanna\",\"margin_remove_bottom\":false,\"block_align\":\"center\",\"margin_remove_top\":true}},{\"name\":\"\",\"type\":\"divider\",\"props\":{\"divider_element\":\"hr\",\"divider_style\":\"icon\",\"divider_align\":\"\",\"divider_align_breakpoint\":\"\",\"divider_align_fallback\":\"\",\"maxwidth\":\"medium\",\"block_align\":\"center\"}},{\"name\":\"\",\"type\":\"text\",\"props\":{\"margin\":\"default\",\"column_breakpoint\":\"m\",\"text_align\":\"center\",\"maxwidth\":\"2xlarge\",\"content\":\"Wir nutzen die Techniken der Thai Massage im Bereich der Sportmassage sowie Kopf & Nackenmassagen. Durch die Massage dieser Punkte und Linien wird es m\\u00f6glich, ein breites Spektrum an Krankheiten zu behandeln und Schmerzen zu lindern. Liegt ein Ungleichgewicht im Energieflu\\u00df vor, hat dies eine unzureichende Versorgung mit Prana zur Folge und kann zu Erkrankungen f\\u00fchren. Durch die Arbeit an diesen Haupt-Energielinien wird eine Behandlung der inneren Organe sowie des gesamten K\\u00f6rpers m\\u00f6glich. Genie\\u00dfen Sie dies bei einer Paarmassage in Z\\u00fcrich-Oerlikon.\",\"block_align\":\"center\"}},{\"name\":\"\",\"type\":\"button\",\"props\":{\"margin\":\"default\",\"text_align\":\"center\",\"maxwidth\":\"medium\",\"block_align\":\"center\",\"grid_column_gap\":\"small\",\"grid_row_gap\":\"small\"},\"children\":[{\"name\":\"\",\"type\":\"button_item\",\"props\":{\"button_style\":\"primary\",\"icon_align\":\"left\",\"content\":\"Mehr \\u00fcber uns\",\"link\":\"index.php?page_id=30\"}}]}]}]}]},{\"type\":\"section\",\"props\":{\"style\":\"default\",\"width\":\"small\",\"vertical_align\":\"middle\",\"title_position\":\"top-left\",\"title_rotation\":\"left\",\"title_breakpoint\":\"xl\",\"image_position\":\"center-center\",\"image\":\"wp-content\\\/uploads\\\/geschenkgutschein1.jpg\",\"title\":\"\",\"image_size\":\"cover\",\"media_overlay\":\"rgba(255, 255, 255, 0.78)\",\"status\":\"\"},\"children\":[{\"type\":\"row\",\"props\":{\"status\":\"\"},\"children\":[{\"type\":\"column\",\"props\":{\"image_position\":\"center-center\",\"media_overlay_gradient\":\"\",\"position_sticky_breakpoint\":\"m\"},\"children\":[{\"type\":\"headline\",\"props\":{\"title_element\":\"h2\",\"content\":\"Geschenkgutschein\",\"text_align\":\"center\",\"title_style\":\"h1\",\"title_color\":\"background\"}},{\"type\":\"text\",\"props\":{\"margin\":\"default\",\"column_breakpoint\":\"m\",\"content\":\"\n\n<p><span>Vers\\u00fcssen Sie Ihren Liebsten den Tag und verschenken Sie einen Gutschein f\\u00fcr eine beliebige Behandlung bei Montra Lanna.<\\\/span><\\\/p>\",\"text_size\":\"large\",\"text_align\":\"center\"}},{\"type\":\"button\",\"props\":{\"grid_column_gap\":\"small\",\"grid_row_gap\":\"small\",\"margin\":\"default\",\"button_size\":\"large\",\"text_align\":\"center\"},\"children\":[{\"type\":\"button_item\",\"props\":{\"button_style\":\"primary\",\"icon_align\":\"left\",\"content\":\"Jetzt bestellen\",\"link\":\"https:\\\/\\\/salonkee.ch\\\/salon\\\/montra-lanna-thai-massage-spa\\\/gift-card\"}}]}]}]}]},{\"name\":\"Brief\",\"type\":\"section\",\"props\":{\"style\":\"muted\",\"width\":\"\",\"vertical_align\":\"middle\",\"title_position\":\"top-left\",\"title_rotation\":\"left\",\"title_breakpoint\":\"xl\",\"image_position\":\"bottom-right\",\"padding\":\"large\",\"animation\":\"slide-bottom\",\"image\":\"\",\"image_effect\":\"parallax\",\"image_parallax_bgy_start\":\"300\",\"image_parallax_bgy_end\":\"450\",\"image_width\":\"700\",\"animation_delay\":\"200\"},\"children\":[{\"name\":\"\",\"type\":\"row\",\"props\":{\"layout\":\"1-2,1-4,1-4|1-1,1-2,1-2\",\"width\":\"default\",\"column_gap\":\"small\",\"row_gap\":\"small\"},\"children\":[{\"name\":\"\",\"type\":\"column\",\"props\":{\"image_position\":\"center-center\",\"style\":\"muted\",\"css\":\".el-column .uk-tile {\\n    padding-top: 0;\\n    padding-bottom: 0;\\n}\",\"width_medium\":\"1-2\",\"width_small\":\"1-1\",\"media_overlay_gradient\":\"\",\"position_sticky_breakpoint\":\"m\"},\"children\":[{\"name\":\"\",\"type\":\"headline\",\"props\":{\"title_element\":\"h2\",\"title_style\":\"h3\",\"content\":\"Von der Thai Massage bis zur Paarmassage \\u2013 Massagen sind eine Wohltat f\\u00fcr K\\u00f6rper und Geist \"}},{\"name\":\"\",\"type\":\"text\",\"props\":{\"margin\":\"default\",\"column_breakpoint\":\"m\",\"content\":\"Massagen k\\u00f6nnen f\\u00fcr ein physisches und psychisches Wohlgef\\u00fchl sorgen. Schon seit Jahrtausenden sind sie ein Bestandteil der traditionellen chinesischen Medizin und haben schon lange den Einzug in die westliche Welt gehalten. Die Grundlagen werden bei der Sport Massage ebenso angewendet wie bei Kopf & Nackenmassagen. Bei uns in Oerlikon, einem Stadtteil von Z\\u00fcrich, k\\u00f6nnen Sie sich von erfahrenen Therapeuten bei einer Thai Massageverw\\u00f6hnen lassen. Geniessen Sie eine Sport Massage, entspannen Sie sich bei einer Nackenmassage, buchen Sie eine Sport Massage, oder vereinbaren Sie einen Termin zu einer Paarmassage. Wohltuend sind Kopf & Nacken Massagen, vor allem, wenn Sie eine Arbeit aus\\u00fcben, die mit einer eint\\u00f6nigen Sitzhaltung verbunden ist.\"}},{\"name\":\"\",\"type\":\"text\",\"props\":{\"margin\":\"default\",\"column_breakpoint\":\"m\",\"content\":\"Wir bieten alle Behandlungen auch als Paarmassage an. Ideal ist dies f\\u00fcr Freunde, Liebes- oder Ehepaare, welche gemeinsame Entspannung genie\\u00dfen m\\u00f6chten. Sie werden bei uns in Z\\u00fcrich-Oerlikon in einem Raum von zwei Masseurinnen nebeneinander massiert. W\\u00e4hlen Sie eine Nackenmassage, w\\u00e4hrend Ihr Partner eine Sport Massage genie\\u00dft. Bei Ihrem Team in Oerlikon, Z\\u00fcrich, z\\u00e4hlen Ihre W\\u00fcnsche.\"}},{\"name\":\"\",\"type\":\"text\",\"props\":{\"margin\":\"default\",\"column_breakpoint\":\"m\",\"content\":\"Kommen Sie zu uns nach Z\\u00fcrich-Oerlikon und g\\u00f6nnen Sie sich Entspannung bei einer Thai Massage. Sie entscheiden, wie wir Sie behandeln und verw\\u00f6hnen d\\u00fcrfen. Eine Paarmassage als unvergessliches Erlebnis, eine Nackenmassage zur Linderung Ihrer Kopfschmerzen, Kopf- und Nackenmassagen zur Vorbeugung von Verspannungen oder eine Sport Massage, Sie haben die Wahl.\"}}]},{\"name\":\"\",\"type\":\"column\",\"props\":{\"image_position\":\"center-center\",\"width_medium\":\"1-4\",\"width_small\":\"1-2\",\"media_overlay_gradient\":\"\",\"position_sticky_breakpoint\":\"m\"},\"children\":[{\"name\":\"\",\"type\":\"image\",\"props\":{\"margin\":\"default\",\"image\":\"wp-content\\\/uploads\\\/intro1.jpg\",\"image_svg_color\":\"emphasis\"}}]},{\"name\":\"\",\"type\":\"column\",\"props\":{\"image_position\":\"center-center\",\"width_medium\":\"1-4\",\"width_small\":\"1-2\",\"media_overlay_gradient\":\"\",\"position_sticky_breakpoint\":\"m\"},\"children\":[{\"name\":\"\",\"type\":\"image\",\"props\":{\"margin\":\"small\",\"image\":\"wp-content\\\/uploads\\\/intro2.jpg\",\"image_svg_color\":\"emphasis\"}},{\"name\":\"\",\"type\":\"image\",\"props\":{\"margin\":\"small\",\"image\":\"wp-content\\\/uploads\\\/intro3.jpg\",\"image_svg_color\":\"emphasis\"}}]}]}]},{\"name\":\"Services\",\"type\":\"section\",\"props\":{\"style\":\"default\",\"width\":\"\",\"vertical_align\":\"middle\",\"title_position\":\"top-left\",\"title_rotation\":\"left\",\"title_breakpoint\":\"xl\",\"image_position\":\"center-center\",\"padding\":\"none\",\"padding_remove_top\":true,\"class\":\"\"},\"children\":[{\"name\":\"\",\"type\":\"row\",\"props\":{\"layout\":\"1-2,1-4,1-4|1-1,1-2,1-2\",\"margin\":\"default\",\"column_gap\":\"small\",\"row_gap\":\"small\"},\"children\":[{\"name\":\"\",\"type\":\"column\",\"props\":{\"image_position\":\"center-center\",\"text_color\":\"light\",\"image\":\"wp-content\\\/uploads\\\/massage.jpg\",\"image_size\":\"cover\",\"css\":\".el-column {\\n\\tmin-height: 550px;\\n}\\n\\n@media (min-width: 1200px) {\\n    .el-column { min-height: 650px; }\\n}\\n\\n@media (min-width: 1921px) {\\n    .el-column { min-height: 750px; }\\n}\",\"vertical_align\":\"bottom\",\"media_overlay\":\"rgba(13, 10, 10, 0)\",\"preserve_color\":false,\"width_large\":\"1-2\",\"width_medium\":\"1-1\",\"media_overlay_gradient\":\"\",\"position_sticky_breakpoint\":\"m\"},\"children\":[{\"name\":\"\",\"type\":\"headline\",\"props\":{\"title_element\":\"h2\",\"title_style\":\"h2\",\"text_align\":\"center\",\"content\":\"Massagen\"}},{\"name\":\"\",\"type\":\"button\",\"props\":{\"margin\":\"default\",\"text_align\":\"center\",\"grid_column_gap\":\"small\",\"grid_row_gap\":\"small\"},\"children\":[{\"name\":\"\",\"type\":\"button_item\",\"props\":{\"button_style\":\"primary\",\"icon_align\":\"left\",\"content\":\"Mehr erfahren\",\"link\":\"index.php?page_id=558\"}}]}]},{\"name\":\"\",\"type\":\"column\",\"props\":{\"image_position\":\"center-center\",\"text_color\":\"light\",\"image\":\"wp-content\\\/uploads\\\/aroma1.jpg\",\"image_size\":\"cover\",\"css\":\".el-column {\\n\\tmin-height: 300px;\\n}\",\"vertical_align\":\"bottom\",\"width_large\":\"1-4\",\"width_medium\":\"1-2\",\"media_overlay_gradient\":\"\",\"position_sticky_breakpoint\":\"m\"}},{\"name\":\"\",\"type\":\"column\",\"props\":{\"image_position\":\"center-center\",\"text_color\":\"light\",\"image\":\"wp-content\\\/uploads\\\/Massagen_index.jpg\",\"image_size\":\"cover\",\"css\":\".el-column {\\n\\tmin-height: 300px;\\n}\",\"vertical_align\":\"bottom\",\"width_large\":\"1-4\",\"width_medium\":\"1-2\",\"media_overlay_gradient\":\"\",\"position_sticky_breakpoint\":\"m\"}}]}]},{\"name\":\"\",\"type\":\"section\",\"props\":{\"style\":\"default\",\"width\":\"default\",\"vertical_align\":\"middle\",\"title_position\":\"top-left\",\"title_rotation\":\"left\",\"title_breakpoint\":\"xl\",\"image_position\":\"center-center\",\"padding\":\"large\"},\"children\":[{\"name\":\"\",\"type\":\"row\",\"props\":{\"layout\":\"1-3,2-3\"},\"children\":[{\"name\":\"\",\"type\":\"column\",\"props\":{\"image_position\":\"center-center\",\"width_medium\":\"1-3\",\"media_overlay_gradient\":\"\",\"position_sticky_breakpoint\":\"m\"},\"children\":[{\"name\":\"\",\"type\":\"headline\",\"props\":{\"title_element\":\"h3\",\"title_style\":\"h3\",\"content\":\"Mit einem Team von engagierten Mitarbeitern, die vollst\\u00e4ndig nach internationalen Standards ausgebildet sind, k\\u00f6nnen wir uns r\\u00fchmen, den besten Service in der ganzen Schweiz zu haben.\"}}]},{\"name\":\"\",\"type\":\"column\",\"props\":{\"image_position\":\"center-center\",\"width_medium\":\"2-3\",\"media_overlay_gradient\":\"\",\"position_sticky_breakpoint\":\"m\"},\"children\":[{\"name\":\"\",\"type\":\"text\",\"props\":{\"margin\":\"default\",\"column_breakpoint\":\"m\",\"content\":\"Eine Massage an den entsprechenden Energielinien hilft, Blockaden zu l\\u00f6sen und regt den Energiefluss an. Aus den urspr\\u00fcnglichen Techniken sind inzwischen unz\\u00e4hlige verschiedene Massagearten entstanden, wie die Sport Massage oder Nackenmassage. Klagen Sie oft \\u00fcber Kopfschmerzen, dann finden Sie in einer Nackenmassage Entspannung pur. Kopf & Nacken Massagen basieren auf der urspr\\u00fcnglichen Thai Massage.\"}},{\"name\":\"\",\"type\":\"text\",\"props\":{\"margin\":\"default\",\"column_breakpoint\":\"m\",\"content\":\"Lassen Sie sich von unserem Team in Oerlikon bei Z\\u00fcrich von fachkundigen H\\u00e4nden massieren, eine angenehme und harmonische Atmosph\\u00e4re empf\\u00e4ngt sie. Migr\\u00e4ne und Kopfschmerzen lassen sich durch Kopf & Nacken Massagen mit Erfolg behandeln, Konzentrationsst\\u00f6rungen und Unruhe werden erfolgreich behandelt. Verspannungen im Nacken- und Schulterbereich werden durch eine Lockerung der Muskulatur beseitigt, eine Nackenmassage lockert und regt die Durchblutung an. Kopf & Nacken Massagen sind in unserer bewegungsarmen Zeit sehr beliebte Therapien.\"}}]}]}]},{\"name\":\"CTA\",\"type\":\"section\",\"props\":{\"style\":\"default\",\"width\":\"\",\"vertical_align\":\"middle\",\"title_position\":\"top-left\",\"title_rotation\":\"left\",\"title_breakpoint\":\"xl\",\"image_position\":\"center-center\",\"padding\":\"xlarge\",\"image\":\"wp-content\\\/uploads\\\/banner.jpg\",\"text_color\":\"light\",\"image_size\":\"cover\",\"image_parallax_bgy_end\":\"100\",\"image_parallax_bgy_start\":\"-200\",\"image_width\":\"2560\",\"media_overlay\":\"rgba(28, 22, 22, 0.71)\"},\"children\":[{\"name\":\"\",\"type\":\"row\",\"children\":[{\"name\":\"\",\"type\":\"column\",\"props\":{\"image_position\":\"center-center\",\"width_medium\":\"1-1\",\"media_overlay_gradient\":\"\",\"position_sticky_breakpoint\":\"m\"},\"children\":[{\"name\":\"\",\"type\":\"headline\",\"props\":{\"title_element\":\"h2\",\"title_style\":\"h2\",\"text_align\":\"center\",\"maxwidth\":\"xlarge\",\"margin\":\"default\",\"content\":\"Entspannen Sie Ihren K\\u00f6rper, beruhigen Sie Ihren Seele, erneuern Sie Ihren Geist\",\"block_align\":\"center\"}},{\"name\":\"\",\"type\":\"text\",\"props\":{\"margin\":\"default\",\"column_breakpoint\":\"m\",\"text_align\":\"center\",\"maxwidth\":\"2xlarge\",\"content\":\"Orte, die der Verbesserung des allgemeinen Wohlbefindens durch eine Vielzahl professioneller Dienstleistungen gewidmet sind, die die Erneuerung von K\\u00f6rper, Geist und Seele f\\u00f6rdern.<\\\/p>\",\"block_align\":\"center\"}},{\"name\":\"\",\"type\":\"button\",\"props\":{\"margin\":\"default\",\"button_size\":\"large\",\"text_align\":\"center\",\"grid_column_gap\":\"small\",\"grid_row_gap\":\"small\"},\"children\":[{\"name\":\"\",\"type\":\"button_item\",\"props\":{\"button_style\":\"secondary\",\"icon_align\":\"left\",\"content\":\"Kontaktieren Sie uns\",\"link\":\"index.php?page_id=30\"}}]}]}]}]}],\"version\":\"2.7.22\"} --><\/p>\n","protected":false},"excerpt":{"rendered":"<p>Willkommen in unserem Spa Center Wir glauben an Kunden&shy;zufriedenheit G\u00f6nnen Sie sich eine entspannte Massage bei uns. [chevron-down] Thai Massage &amp; Spa in Z\u00fcrich Oerlikon Montra Lanna Wir nutzen die Techniken der Thai Massage im Bereich der Sportmassage sowie Kopf &#038; Nackenmassagen. Durch die Massage dieser Punkte und Linien wird es m\u00f6glich, ein breites Spektrum [&hellip;]<\/p>\n","protected":false},"author":1,"featured_media":0,"parent":0,"menu_order":4,"comment_status":"closed","ping_status":"closed","template":"","meta":{"footnotes":""},"class_list":["post-25","page","type-page","status-publish","hentry"],"_links":{"self":[{"href":"https:\/\/montralanna.ch\/thai-massage-spa-zuerich-oerlikon\/wp-json\/wp\/v2\/pages\/25","targetHints":{"allow":["GET"]}}],"collection":[{"href":"https:\/\/montralanna.ch\/thai-massage-spa-zuerich-oerlikon\/wp-json\/wp\/v2\/pages"}],"about":[{"href":"https:\/\/montralanna.ch\/thai-massage-spa-zuerich-oerlikon\/wp-json\/wp\/v2\/types\/page"}],"author":[{"embeddable":true,"href":"https:\/\/montralanna.ch\/thai-massage-spa-zuerich-oerlikon\/wp-json\/wp\/v2\/users\/1"}],"replies":[{"embeddable":true,"href":"https:\/\/montralanna.ch\/thai-massage-spa-zuerich-oerlikon\/wp-json\/wp\/v2\/comments?post=25"}],"version-history":[{"count":154,"href":"https:\/\/montralanna.ch\/thai-massage-spa-zuerich-oerlikon\/wp-json\/wp\/v2\/pages\/25\/revisions"}],"predecessor-version":[{"id":2125,"href":"https:\/\/montralanna.ch\/thai-massage-spa-zuerich-oerlikon\/wp-json\/wp\/v2\/pages\/25\/revisions\/2125"}],"wp:attachment":[{"href":"https:\/\/montralanna.ch\/thai-massage-spa-zuerich-oerlikon\/wp-json\/wp\/v2\/media?parent=25"}],"curies":[{"name":"wp","href":"https:\/\/api.w.org\/{rel}","templated":true}]}}